{"id":11,"date":"2019-03-20T09:44:59","date_gmt":"2019-03-20T07:44:59","guid":{"rendered":"http:\/\/densta.lt\/?page_id=11"},"modified":"2019-03-20T19:42:14","modified_gmt":"2019-03-20T17:42:14","slug":"kiemo-vartai","status":"publish","type":"page","link":"https:\/\/www.densta.lt\/index.php\/kiemo-vartai\/","title":{"rendered":"Kiemo vartai"},"content":{"rendered":"\n<p style=\"text-align:left\">Kokybi\u0161ki, i\u0161skirtiniai ir ilgaam\u017eiai kiemo vartai padidina J\u016bs\u0173 namo vert\u0119.  <br>Svarbu, kad kiemo vartai b\u016bt\u0173 gra\u017e\u016bs, patog\u016bs, saug\u016bs ir tvirti. Kiemo vartai gali b\u016bti dviej\u0173 tip\u0173 \u2013 varstomi arba stumdomi. Kiemo vart\u0173 u\u017epildas gali b\u016bti medin\u0117s vertikaliai ar horizontaliai i\u0161d\u0117stytos lentos, standus vielos tinklas, metaliniai kvadratiniai ar apval\u016bs strypai su kalvi\u0161kais puo\u0161ybos elementais, skardines tvoralentes ir t. t. Svarbu, kad der\u0117t\u0173 prie J\u016bs\u0173 tvoros ir visos aplinkos.  <\/p>\n\n\n\n<ul class=\"wp-block-gallery columns-3 is-cropped wp-block-gallery-1 is-layout-flex wp-block-gallery-is-layout-flex\"><li class=\"blocks-gallery-item\"><figure><img loading=\"lazy\" decoding=\"async\" width=\"1024\" height=\"768\" src=\"http:\/\/www.densta.lt\/wp-content\/uploads\/2019\/03\/20170330_120117-1024x768.jpg\" alt=\"\" data-id=\"242\" data-link=\"http:\/\/www.densta.lt\/20170330_120117\/\" class=\"wp-image-242\" srcset=\"https:\/\/www.densta.lt\/wp-content\/uploads\/2019\/03\/20170330_120117-1024x768.jpg 1024w, https:\/\/www.densta.lt\/wp-content\/uploads\/2019\/03\/20170330_120117-300x225.jpg 300w, https:\/\/www.densta.lt\/wp-content\/uploads\/2019\/03\/20170330_120117-768x576.jpg 768w\" sizes=\"auto, (max-width: 1024px) 100vw, 1024px\" \/><\/figure><\/li><li class=\"blocks-gallery-item\"><figure><img loading=\"lazy\" decoding=\"async\" width=\"1024\" height=\"768\" src=\"http:\/\/www.densta.lt\/wp-content\/uploads\/2019\/03\/20161213_111608-1024x768.jpg\" alt=\"\" data-id=\"241\" data-link=\"http:\/\/www.densta.lt\/20161213_111608\/\" class=\"wp-image-241\" srcset=\"https:\/\/www.densta.lt\/wp-content\/uploads\/2019\/03\/20161213_111608-1024x768.jpg 1024w, https:\/\/www.densta.lt\/wp-content\/uploads\/2019\/03\/20161213_111608-300x225.jpg 300w, https:\/\/www.densta.lt\/wp-content\/uploads\/2019\/03\/20161213_111608-768x576.jpg 768w, https:\/\/www.densta.lt\/wp-content\/uploads\/2019\/03\/20161213_111608.jpg 1815w\" sizes=\"auto, (max-width: 1024px) 100vw, 1024px\" \/><\/figure><\/li><li class=\"blocks-gallery-item\"><figure><img loading=\"lazy\" decoding=\"async\" width=\"1024\" height=\"768\" src=\"http:\/\/www.densta.lt\/wp-content\/uploads\/2019\/03\/20161121_144652-1024x768.jpg\" alt=\"\" data-id=\"240\" data-link=\"http:\/\/www.densta.lt\/20161121_144652\/\" class=\"wp-image-240\" srcset=\"https:\/\/www.densta.lt\/wp-content\/uploads\/2019\/03\/20161121_144652-1024x768.jpg 1024w, https:\/\/www.densta.lt\/wp-content\/uploads\/2019\/03\/20161121_144652-300x225.jpg 300w, https:\/\/www.densta.lt\/wp-content\/uploads\/2019\/03\/20161121_144652-768x576.jpg 768w, https:\/\/www.densta.lt\/wp-content\/uploads\/2019\/03\/20161121_144652.jpg 2042w\" sizes=\"auto, (max-width: 1024px) 100vw, 1024px\" \/><\/figure><\/li><\/ul>\n\n\n\n<p>  <br>Darbus atliekame Klaipedoje ir visoje Klaipedos apskrityje. <br>Konsultacijos teikiamos nemokamai. Jei turite klausim\u0173, pra\u0161om susisiekti su mumis nurodytais kontaktais.  <\/p>\n\n\n\n<ul class=\"wp-block-list\"><li>Tel. +37068528090<\/li><li>El. pa\u0161tas &#8211; nedas@densta.lt<\/li><li>Klaipeda ir Klaipedos raj.  <br><br><\/li><\/ul>\n","protected":false},"excerpt":{"rendered":"<p>Kokybi\u0161ki, i\u0161skirtiniai ir ilgaam\u017eiai kiemo vartai padidina J\u016bs\u0173 namo vert\u0119. Svarbu, kad kiemo vartai b\u016bt\u0173 gra\u017e\u016bs, patog\u016bs, saug\u016bs ir tvirti. Kiemo vartai gali b\u016bti dviej\u0173 tip\u0173 \u2013 varstomi arba stumdomi. Kiemo vart\u0173 u\u017epildas gali b\u016bti medin\u0117s<a class=\"moretag\" href=\"https:\/\/www.densta.lt\/index.php\/kiemo-vartai\/\">Read More&#8230;<\/a><\/p>\n","protected":false},"author":1,"featured_media":0,"parent":0,"menu_order":0,"comment_status":"closed","ping_status":"closed","template":"","meta":{"footnotes":""},"class_list":["post-11","page","type-page","status-publish","hentry"],"_links":{"self":[{"href":"https:\/\/www.densta.lt\/index.php\/wp-json\/wp\/v2\/pages\/11","targetHints":{"allow":["GET"]}}],"collection":[{"href":"https:\/\/www.densta.lt\/index.php\/wp-json\/wp\/v2\/pages"}],"about":[{"href":"https:\/\/www.densta.lt\/index.php\/wp-json\/wp\/v2\/types\/page"}],"author":[{"embeddable":true,"href":"https:\/\/www.densta.lt\/index.php\/wp-json\/wp\/v2\/users\/1"}],"replies":[{"embeddable":true,"href":"https:\/\/www.densta.lt\/index.php\/wp-json\/wp\/v2\/comments?post=11"}],"version-history":[{"count":12,"href":"https:\/\/www.densta.lt\/index.php\/wp-json\/wp\/v2\/pages\/11\/revisions"}],"predecessor-version":[{"id":247,"href":"https:\/\/www.densta.lt\/index.php\/wp-json\/wp\/v2\/pages\/11\/revisions\/247"}],"wp:attachment":[{"href":"https:\/\/www.densta.lt\/index.php\/wp-json\/wp\/v2\/media?parent=11"}],"curies":[{"name":"wp","href":"https:\/\/api.w.org\/{rel}","templated":true}]}}