{"id":39,"date":"2019-03-18T20:18:15","date_gmt":"2019-03-18T18:18:15","guid":{"rendered":"http:\/\/www.densta.lt\/?page_id=39"},"modified":"2019-03-20T09:42:23","modified_gmt":"2019-03-20T07:42:23","slug":"apie","status":"publish","type":"page","link":"http:\/\/www.densta.lt\/index.php\/apie\/","title":{"rendered":"Apie"},"content":{"rendered":"\n\n\n<p>UAB &#8222;Densta&#8221; nuo 2007m. veikianti \u012fmon\u0117.  Pagrindin\u0117 \u012fmon\u0117s veikla yra kiemo vart\u0173, tvor\u0173 gamyba ir \u012frengimas. Prekyba vart\u0173 automatikomis ir j\u0173 priedais. Ilgamete patirtis suteikia \u017eini\u0173 kaip darbus atlikti kokybi\u0161kai, todel savo atliktais darbais d\u017eiaugiames ir mes. <\/p>\n","protected":false},"excerpt":{"rendered":"<p>UAB &#8222;Densta&#8221; nuo 2007m. veikianti \u012fmon\u0117. Pagrindin\u0117 \u012fmon\u0117s veikla yra kiemo vart\u0173, tvor\u0173 gamyba ir \u012frengimas. Prekyba vart\u0173 automatikomis ir j\u0173 priedais. Ilgamete patirtis suteikia \u017eini\u0173 kaip darbus atlikti kokybi\u0161kai, todel savo atliktais darbais d\u017eiaugiames ir<a class=\"moretag\" href=\"http:\/\/www.densta.lt\/index.php\/apie\/\">Read More&#8230;<\/a><\/p>\n","protected":false},"author":1,"featured_media":0,"parent":0,"menu_order":0,"comment_status":"closed","ping_status":"closed","template":"","meta":{"footnotes":""},"class_list":["post-39","page","type-page","status-publish","hentry"],"_links":{"self":[{"href":"http:\/\/www.densta.lt\/index.php\/wp-json\/wp\/v2\/pages\/39","targetHints":{"allow":["GET"]}}],"collection":[{"href":"http:\/\/www.densta.lt\/index.php\/wp-json\/wp\/v2\/pages"}],"about":[{"href":"http:\/\/www.densta.lt\/index.php\/wp-json\/wp\/v2\/types\/page"}],"author":[{"embeddable":true,"href":"http:\/\/www.densta.lt\/index.php\/wp-json\/wp\/v2\/users\/1"}],"replies":[{"embeddable":true,"href":"http:\/\/www.densta.lt\/index.php\/wp-json\/wp\/v2\/comments?post=39"}],"version-history":[{"count":4,"href":"http:\/\/www.densta.lt\/index.php\/wp-json\/wp\/v2\/pages\/39\/revisions"}],"predecessor-version":[{"id":141,"href":"http:\/\/www.densta.lt\/index.php\/wp-json\/wp\/v2\/pages\/39\/revisions\/141"}],"wp:attachment":[{"href":"http:\/\/www.densta.lt\/index.php\/wp-json\/wp\/v2\/media?parent=39"}],"curies":[{"name":"wp","href":"https:\/\/api.w.org\/{rel}","templated":true}]}}