{"id":179,"date":"2019-03-20T14:43:07","date_gmt":"2019-03-20T12:43:07","guid":{"rendered":"http:\/\/www.densta.lt\/?page_id=179"},"modified":"2019-03-23T11:57:03","modified_gmt":"2019-03-23T09:57:03","slug":"varstomu-vartu-automatika","status":"publish","type":"page","link":"http:\/\/www.densta.lt\/index.php\/varstomu-vartu-automatika\/","title":{"rendered":"Varstom\u0173 vart\u0173 automatika"},"content":{"rendered":"\n<p><strong>Nice &#8211;  Wingo 2024  <\/strong><\/p>\n\n\n\n<div class=\"wp-block-image\"><figure class=\"alignleft is-resized\"><img loading=\"lazy\" decoding=\"async\" src=\"http:\/\/www.densta.lt\/wp-content\/uploads\/2019\/03\/Untitled-47.png\" alt=\"\" class=\"wp-image-270\" width=\"243\" height=\"243\" srcset=\"http:\/\/www.densta.lt\/wp-content\/uploads\/2019\/03\/Untitled-47.png 600w, http:\/\/www.densta.lt\/wp-content\/uploads\/2019\/03\/Untitled-47-150x150.png 150w, http:\/\/www.densta.lt\/wp-content\/uploads\/2019\/03\/Untitled-47-300x300.png 300w, http:\/\/www.densta.lt\/wp-content\/uploads\/2019\/03\/Untitled-47-220x220.png 220w\" sizes=\"auto, (max-width: 243px) 100vw, 243px\" \/><\/figure><\/div>\n\n\n\n<p>Elektromechaninis, lengvai montuojamas komplektas (2 pavaros) WINGO su valdymo bloku ir dviej\u0173 kanal\u0173 kintamo kodo imtuvu, skirtu varstomiems vartams iki 4 metro plo\u010dio, iki 800 kg svorio. Valdymo bloke \u012fdiegta sav\u0119s testavimo funkcija.<br>Maitinimo \u012ftampa 24V .<br>Sandarus korpusas apsaugo elektronines ir mechanines detales nuo sm\u016bgi\u0173 ir agresyvi\u0173 aplinkos s\u0105lyg\u0173.<br>Visos vart\u0173 atsidarymo funkcijos gali b\u016bti lengvai programuojamos priklausomai nuo vartotojo poreiki\u0173 ir naudojimo ypatum\u0173. Valdymo blokas saugiai \u012fmontuotas po apsauginiu korpusu, lengvai pasiekiamas ir nesud\u0117tingai valdomas.<br>\u012emontuota apsaugos sistema, vartams atsir\u0117mus \u012f kli\u016bt\u012f juos sustabdo, kad u\u017esidarydami vartai nesuspaustu objekto esan\u010dio j\u0173 kelyje .<br>Fotoelement\u0173 pagalba, vartai sustabdomi, jei elementai u\u017efiksuoja b\u016bsim\u0105 kli\u016bt\u012f.<br>U\u017edarom\u0173\/atidarom\u0173 vart\u0173 greitis 0,018 m\/s<br>Darbin\u0117 temperat\u016bra -20 \u2013 +50.<br>Rekomenduojamas max. cikl\u0173 skiai\u010dius 40\/val.<br>Automatikos svoris: 6 kg.<br>Komplekt\u0105 sudaro:<br>1.Elektromechanin\u0117 pavara su valdymo bloku.<br>2.Pultelis,kintamo kodo,dviej\u0173 kanal\u0173 2 vnt.<\/p>\n\n\n\n<p>Kokyb\u0117s sertifikatas CE.<\/p>\n\n\n\n<p>UNI EN ISO 9001:2000.<\/p>\n\n\n\n<p>UNI EN ISO 14001.<\/p>\n\n\n\n<p>Darbus atliekame Klaipedoje ir visoje Klaipedos apskrityje. <br>Konsultacijos teikiamos nemokamai. Jei turite klausim\u0173, pra\u0161om susisiekti su mumis nurodytais kontaktais. <\/p>\n\n\n\n<ul class=\"wp-block-list\"><li>Tel. +37068528090<\/li><li>El. pa\u0161tas &#8211; nedas@densta.lt<\/li><li>Klaipeda ir Klaipedos raj.<\/li><li><\/li><\/ul>\n","protected":false},"excerpt":{"rendered":"<p>Nice &#8211; Wingo 2024 Elektromechaninis, lengvai montuojamas komplektas (2 pavaros) WINGO su valdymo bloku ir dviej\u0173 kanal\u0173 kintamo kodo imtuvu, skirtu varstomiems vartams iki 4 metro plo\u010dio, iki 800 kg svorio. Valdymo bloke \u012fdiegta sav\u0119s testavimo<a class=\"moretag\" href=\"http:\/\/www.densta.lt\/index.php\/varstomu-vartu-automatika\/\">Read More&#8230;<\/a><\/p>\n","protected":false},"author":1,"featured_media":0,"parent":0,"menu_order":0,"comment_status":"closed","ping_status":"closed","template":"","meta":{"footnotes":""},"class_list":["post-179","page","type-page","status-publish","hentry"],"_links":{"self":[{"href":"http:\/\/www.densta.lt\/index.php\/wp-json\/wp\/v2\/pages\/179","targetHints":{"allow":["GET"]}}],"collection":[{"href":"http:\/\/www.densta.lt\/index.php\/wp-json\/wp\/v2\/pages"}],"about":[{"href":"http:\/\/www.densta.lt\/index.php\/wp-json\/wp\/v2\/types\/page"}],"author":[{"embeddable":true,"href":"http:\/\/www.densta.lt\/index.php\/wp-json\/wp\/v2\/users\/1"}],"replies":[{"embeddable":true,"href":"http:\/\/www.densta.lt\/index.php\/wp-json\/wp\/v2\/comments?post=179"}],"version-history":[{"count":3,"href":"http:\/\/www.densta.lt\/index.php\/wp-json\/wp\/v2\/pages\/179\/revisions"}],"predecessor-version":[{"id":275,"href":"http:\/\/www.densta.lt\/index.php\/wp-json\/wp\/v2\/pages\/179\/revisions\/275"}],"wp:attachment":[{"href":"http:\/\/www.densta.lt\/index.php\/wp-json\/wp\/v2\/media?parent=179"}],"curies":[{"name":"wp","href":"https:\/\/api.w.org\/{rel}","templated":true}]}}