{"id":177,"date":"2019-03-20T14:41:54","date_gmt":"2019-03-20T12:41:54","guid":{"rendered":"http:\/\/www.densta.lt\/?page_id=177"},"modified":"2019-03-23T11:54:55","modified_gmt":"2019-03-23T09:54:55","slug":"slenkamu-vartu-automatika","status":"publish","type":"page","link":"http:\/\/www.densta.lt\/index.php\/slenkamu-vartu-automatika\/","title":{"rendered":"Slenkam\u0173 vart\u0173 automatika"},"content":{"rendered":"\n<p><strong>Nice &#8211; ROX600KTL<\/strong><\/p>\n\n\n\n<div class=\"wp-block-image\"><figure class=\"alignleft is-resized\"><img loading=\"lazy\" decoding=\"async\" src=\"http:\/\/www.densta.lt\/wp-content\/uploads\/2019\/03\/rox600kit1-1.jpg\" alt=\"\" class=\"wp-image-272\" width=\"234\" height=\"147\" srcset=\"http:\/\/www.densta.lt\/wp-content\/uploads\/2019\/03\/rox600kit1-1.jpg 855w, http:\/\/www.densta.lt\/wp-content\/uploads\/2019\/03\/rox600kit1-1-300x189.jpg 300w, http:\/\/www.densta.lt\/wp-content\/uploads\/2019\/03\/rox600kit1-1-768x484.jpg 768w\" sizes=\"auto, (max-width: 234px) 100vw, 234px\" \/><\/figure><\/div>\n\n\n\n<p> Elektromechanin\u0117 pavara su valdymo bloku ir dviej\u0173 kanal\u0173 kintamo kodo imtuvu, skirta iki 600 kg svorio slankiojantiems kiemo vartams. Valdymo bloke \u012fdiegta sav\u0119s testavimo funkcija. Maitinimo \u012ftampa 230 V , variklio galia 300 W.<br>Sandarus korpusas apsaugo elektronines ir mechanines detales nuo sm\u016bgi\u0173 ir agresyvi\u0173 aplinkos s\u0105lyg\u0173.<br>Visos vart\u0173 atsidarymo funkcijos gali b\u016bti lengvai programuojamos priklausomai nuo vartotojo poreiki\u0173 ir naudojimo ypatum\u0173.<br>Valdymo blokas saugiai \u012fmontuotas po apsauginiu korpusu, lengvai pasiekiamas ir nesud\u0117tingai valdomas.<br>\u012emontuota apsaugos sistema, vartams atsir\u0117mus \u012f kli\u016bt\u012f juos sustabdo, kad u\u017esidarydami vartai nesuspaustu objekto esan\u010dio j\u0173 kelyje.<br>Fotoelement\u0173 pagalba, vartai sustabdomi, jei elementai u\u017efiksuoja b\u016bsim\u0105 kli\u016bt\u012f.<br>Darbin\u0117 temperat\u016bra -20 \u2013 +50<br>U\u017edarom\u0173\/atidarom\u0173 vart\u0173 greitis 0,18 m\/s<br>Komplekt\u0105 sudaro:<br>1.Elektromechanin\u0117 pavara su valdymo bloku.<br>2.Pultelis, kintamo kodo, dviej\u0173 kanal\u0173 2 vnt.<br>Kokyb\u0117s sertifikatas CE.<br>UNI EN ISO 9001:2000.<br>UNI EN ISO 14001.<br>Garantija 2 metai. <\/p>\n\n\n\n<p>Darbus atliekame Klaipedoje ir visoje Klaipedos apskrityje. <br>Konsultacijos teikiamos nemokamai. Jei turite klausim\u0173, pra\u0161om susisiekti su mumis nurodytais kontaktais. <\/p>\n\n\n\n<ul class=\"wp-block-list\"><li>Tel. +37068528090<\/li><li>El. pa\u0161tas &#8211; nedas@densta.lt<\/li><li>Klaipeda ir Klaipedos raj.<\/li><\/ul>\n","protected":false},"excerpt":{"rendered":"<p>Nice &#8211; ROX600KTL Elektromechanin\u0117 pavara su valdymo bloku ir dviej\u0173 kanal\u0173 kintamo kodo imtuvu, skirta iki 600 kg svorio slankiojantiems kiemo vartams. Valdymo bloke \u012fdiegta sav\u0119s testavimo funkcija. Maitinimo \u012ftampa 230 V , variklio galia 300<a class=\"moretag\" href=\"http:\/\/www.densta.lt\/index.php\/slenkamu-vartu-automatika\/\">Read More&#8230;<\/a><\/p>\n","protected":false},"author":1,"featured_media":0,"parent":0,"menu_order":0,"comment_status":"closed","ping_status":"closed","template":"","meta":{"footnotes":""},"class_list":["post-177","page","type-page","status-publish","hentry"],"_links":{"self":[{"href":"http:\/\/www.densta.lt\/index.php\/wp-json\/wp\/v2\/pages\/177","targetHints":{"allow":["GET"]}}],"collection":[{"href":"http:\/\/www.densta.lt\/index.php\/wp-json\/wp\/v2\/pages"}],"about":[{"href":"http:\/\/www.densta.lt\/index.php\/wp-json\/wp\/v2\/types\/page"}],"author":[{"embeddable":true,"href":"http:\/\/www.densta.lt\/index.php\/wp-json\/wp\/v2\/users\/1"}],"replies":[{"embeddable":true,"href":"http:\/\/www.densta.lt\/index.php\/wp-json\/wp\/v2\/comments?post=177"}],"version-history":[{"count":3,"href":"http:\/\/www.densta.lt\/index.php\/wp-json\/wp\/v2\/pages\/177\/revisions"}],"predecessor-version":[{"id":274,"href":"http:\/\/www.densta.lt\/index.php\/wp-json\/wp\/v2\/pages\/177\/revisions\/274"}],"wp:attachment":[{"href":"http:\/\/www.densta.lt\/index.php\/wp-json\/wp\/v2\/media?parent=177"}],"curies":[{"name":"wp","href":"https:\/\/api.w.org\/{rel}","templated":true}]}}