{"id":166,"date":"2019-03-20T14:37:01","date_gmt":"2019-03-20T12:37:01","guid":{"rendered":"http:\/\/www.densta.lt\/?page_id=166"},"modified":"2019-03-20T19:34:50","modified_gmt":"2019-03-20T17:34:50","slug":"slenkami-kiemo-vartai","status":"publish","type":"page","link":"http:\/\/www.densta.lt\/index.php\/slenkami-kiemo-vartai\/","title":{"rendered":"Slenkami kiemo vartai"},"content":{"rendered":"\n<p><strong>Slenkami (stumdomi) kiemo vartai<\/strong> tai patogiausias ir prakti\u0161kiausias sprendimas. Gembin\u0117 vart\u0173 konstrukcija u\u017etikrina skland\u0173 veikim\u0105 esant bet kokioms oro s\u0105lygoms. Stumdomi kiemo vartai padeda u\u017etverti platesnius \u012fva\u017eiavimus. Stumdomi vartai va\u017eiuoja pagal tvor\u0105 todel sutaupo vietos eksploataciniam plotui (automobil\u012f galima pastatyti prie pat vart\u0173 \u2013 tai netur\u0117s \u012ftakos j\u0173 jud\u0117jimui). <\/p>\n\n\n\n<ul class=\"wp-block-gallery columns-3 is-cropped wp-block-gallery-1 is-layout-flex wp-block-gallery-is-layout-flex\"><li class=\"blocks-gallery-item\"><figure><img loading=\"lazy\" decoding=\"async\" width=\"1024\" height=\"768\" src=\"http:\/\/www.densta.lt\/wp-content\/uploads\/2019\/03\/20160620_153712-1024x768.jpg\" alt=\"\" data-id=\"201\" data-link=\"http:\/\/www.densta.lt\/20160620_153712\/\" class=\"wp-image-201\" srcset=\"http:\/\/www.densta.lt\/wp-content\/uploads\/2019\/03\/20160620_153712-1024x768.jpg 1024w, http:\/\/www.densta.lt\/wp-content\/uploads\/2019\/03\/20160620_153712-300x225.jpg 300w, http:\/\/www.densta.lt\/wp-content\/uploads\/2019\/03\/20160620_153712-768x576.jpg 768w, http:\/\/www.densta.lt\/wp-content\/uploads\/2019\/03\/20160620_153712.jpg 2016w\" sizes=\"auto, (max-width: 1024px) 100vw, 1024px\" \/><\/figure><\/li><li class=\"blocks-gallery-item\"><figure><img loading=\"lazy\" decoding=\"async\" width=\"1024\" height=\"576\" src=\"http:\/\/www.densta.lt\/wp-content\/uploads\/2019\/03\/20150721341-1-1024x576.jpg\" alt=\"\" data-id=\"211\" data-link=\"http:\/\/www.densta.lt\/20150721341-2\/\" class=\"wp-image-211\" srcset=\"http:\/\/www.densta.lt\/wp-content\/uploads\/2019\/03\/20150721341-1-1024x576.jpg 1024w, http:\/\/www.densta.lt\/wp-content\/uploads\/2019\/03\/20150721341-1-300x169.jpg 300w, http:\/\/www.densta.lt\/wp-content\/uploads\/2019\/03\/20150721341-1-768x432.jpg 768w\" sizes=\"auto, (max-width: 1024px) 100vw, 1024px\" \/><\/figure><\/li><li class=\"blocks-gallery-item\"><figure><img loading=\"lazy\" decoding=\"async\" width=\"1024\" height=\"576\" src=\"http:\/\/www.densta.lt\/wp-content\/uploads\/2019\/03\/20131002230-1024x576.jpg\" alt=\"\" data-id=\"103\" data-link=\"http:\/\/www.densta.lt\/?attachment_id=103\" class=\"wp-image-103\" srcset=\"http:\/\/www.densta.lt\/wp-content\/uploads\/2019\/03\/20131002230-1024x576.jpg 1024w, http:\/\/www.densta.lt\/wp-content\/uploads\/2019\/03\/20131002230-300x169.jpg 300w, http:\/\/www.densta.lt\/wp-content\/uploads\/2019\/03\/20131002230-768x432.jpg 768w\" sizes=\"auto, (max-width: 1024px) 100vw, 1024px\" \/><\/figure><\/li><\/ul>\n\n\n\n<p> Stumdom\u0173 kiemo vart\u0173 montavimui reikalinga betonuoti vart\u0173 pamat\u0105. Tai svarbi visos vart\u0173 konstrukcijos dalis. Vart\u0173 pamatas turi b\u016bti teisingai apskai\u010diuotas ir i\u0161betonuotas. Svarbu, betonuojant pamat\u0105, \u012fbetonuoti visus reikiamus laidus vart\u0173 automatikai.<\/p>\n\n\n\n<p>Slenkamiems vartams galima sumontuoti vart\u0173 automatik\u0105, \u0161vytur\u0117l\u012f, kuris mirksi kai veikia vartai ir fotoelementus, kurie sustabdo vart\u0173 veikim\u0105, kai atsiranda kli\u016btis vart\u0173 prava\u017eiavimo zonoje. Vart\u0173 automatikos komplekte yra du nuotolinio veikimo pulteliai vart\u0173 valdymui. Galima papildomai \u012frengti GSM modul\u012f valdymui mobiliuoju telefonu.<\/p>\n\n\n\n<p>Darbus atliekame Klaipedoje ir visoje Klaipedos apskrityje. <br>Konsultacijos teikiamos nemokamai. Jei turite klausim\u0173, pra\u0161om susisiekti su mumis nurodytais kontaktais.  <\/p>\n\n\n\n<ul class=\"wp-block-list\"><li>Tel. +37068528090<\/li><li>El. pa\u0161tas &#8211; nedas@densta.lt<\/li><li>Klaipeda ir Klaipedos raj.<\/li><\/ul>\n","protected":false},"excerpt":{"rendered":"<p>Slenkami (stumdomi) kiemo vartai tai patogiausias ir prakti\u0161kiausias sprendimas. Gembin\u0117 vart\u0173 konstrukcija u\u017etikrina skland\u0173 veikim\u0105 esant bet kokioms oro s\u0105lygoms. Stumdomi kiemo vartai padeda u\u017etverti platesnius \u012fva\u017eiavimus. Stumdomi vartai va\u017eiuoja pagal tvor\u0105 todel sutaupo vietos eksploataciniam<a class=\"moretag\" href=\"http:\/\/www.densta.lt\/index.php\/slenkami-kiemo-vartai\/\">Read More&#8230;<\/a><\/p>\n","protected":false},"author":1,"featured_media":0,"parent":0,"menu_order":0,"comment_status":"closed","ping_status":"closed","template":"","meta":{"footnotes":""},"class_list":["post-166","page","type-page","status-publish","hentry"],"_links":{"self":[{"href":"http:\/\/www.densta.lt\/index.php\/wp-json\/wp\/v2\/pages\/166","targetHints":{"allow":["GET"]}}],"collection":[{"href":"http:\/\/www.densta.lt\/index.php\/wp-json\/wp\/v2\/pages"}],"about":[{"href":"http:\/\/www.densta.lt\/index.php\/wp-json\/wp\/v2\/types\/page"}],"author":[{"embeddable":true,"href":"http:\/\/www.densta.lt\/index.php\/wp-json\/wp\/v2\/users\/1"}],"replies":[{"embeddable":true,"href":"http:\/\/www.densta.lt\/index.php\/wp-json\/wp\/v2\/comments?post=166"}],"version-history":[{"count":5,"href":"http:\/\/www.densta.lt\/index.php\/wp-json\/wp\/v2\/pages\/166\/revisions"}],"predecessor-version":[{"id":248,"href":"http:\/\/www.densta.lt\/index.php\/wp-json\/wp\/v2\/pages\/166\/revisions\/248"}],"wp:attachment":[{"href":"http:\/\/www.densta.lt\/index.php\/wp-json\/wp\/v2\/media?parent=166"}],"curies":[{"name":"wp","href":"https:\/\/api.w.org\/{rel}","templated":true}]}}